{"id":990,"date":"2025-03-09T09:55:49","date_gmt":"2025-03-09T09:55:49","guid":{"rendered":"https:\/\/mindshiftuk.com\/?page_id=990"},"modified":"2025-04-06T09:10:56","modified_gmt":"2025-04-06T08:10:56","slug":"uye-girisi","status":"publish","type":"page","link":"https:\/\/mindshiftuk.com\/?page_id=990","title":{"rendered":"Dan\u0131\u015fan Giri\u015f"},"content":{"rendered":"<p><img loading=\"lazy\" decoding=\"async\" class=\"alignnone size-medium wp-image-959\" src=\"https:\/\/mindshiftuk.com\/wp-content\/uploads\/2025\/02\/af089b58-6765-45f0-b71c-bc97e8e6974f-1-300x298.jpeg\" alt=\"\" width=\"300\" height=\"298\" srcset=\"https:\/\/mindshiftuk.com\/wp-content\/uploads\/2025\/02\/af089b58-6765-45f0-b71c-bc97e8e6974f-1-300x298.jpeg 300w, https:\/\/mindshiftuk.com\/wp-content\/uploads\/2025\/02\/af089b58-6765-45f0-b71c-bc97e8e6974f-1-1024x1016.jpeg 1024w, https:\/\/mindshiftuk.com\/wp-content\/uploads\/2025\/02\/af089b58-6765-45f0-b71c-bc97e8e6974f-1-150x150.jpeg 150w, https:\/\/mindshiftuk.com\/wp-content\/uploads\/2025\/02\/af089b58-6765-45f0-b71c-bc97e8e6974f-1-768x762.jpeg 768w, https:\/\/mindshiftuk.com\/wp-content\/uploads\/2025\/02\/af089b58-6765-45f0-b71c-bc97e8e6974f-1-1140x1132.jpeg 1140w, https:\/\/mindshiftuk.com\/wp-content\/uploads\/2025\/02\/af089b58-6765-45f0-b71c-bc97e8e6974f-1-75x75.jpeg 75w, https:\/\/mindshiftuk.com\/wp-content\/uploads\/2025\/02\/af089b58-6765-45f0-b71c-bc97e8e6974f-1.jpeg 1216w\" sizes=\"auto, (max-width: 300px) 100vw, 300px\" \/><\/p>\n","protected":false},"excerpt":{"rendered":"","protected":false},"author":1,"featured_media":0,"parent":0,"menu_order":0,"comment_status":"closed","ping_status":"closed","template":"","meta":{"_uag_custom_page_level_css":"","footnotes":""},"class_list":["post-990","page","type-page","status-publish","hentry"],"uagb_featured_image_src":{"full":false,"thumbnail":false,"medium":false,"medium_large":false,"large":false,"1536x1536":false,"2048x2048":false,"ashe-slider-full-thumbnail":false,"ashe-full-thumbnail":false,"ashe-list-thumbnail":false,"ashe-grid-thumbnail":false,"ashe-single-navigation":false},"uagb_author_info":{"display_name":"mindshiftuk1@gmail.com","author_link":"https:\/\/mindshiftuk.com\/?author=1"},"uagb_comment_info":0,"uagb_excerpt":null,"_links":{"self":[{"href":"https:\/\/mindshiftuk.com\/index.php?rest_route=\/wp\/v2\/pages\/990","targetHints":{"allow":["GET"]}}],"collection":[{"href":"https:\/\/mindshiftuk.com\/index.php?rest_route=\/wp\/v2\/pages"}],"about":[{"href":"https:\/\/mindshiftuk.com\/index.php?rest_route=\/wp\/v2\/types\/page"}],"author":[{"embeddable":true,"href":"https:\/\/mindshiftuk.com\/index.php?rest_route=\/wp\/v2\/users\/1"}],"replies":[{"embeddable":true,"href":"https:\/\/mindshiftuk.com\/index.php?rest_route=%2Fwp%2Fv2%2Fcomments&post=990"}],"version-history":[{"count":2,"href":"https:\/\/mindshiftuk.com\/index.php?rest_route=\/wp\/v2\/pages\/990\/revisions"}],"predecessor-version":[{"id":1134,"href":"https:\/\/mindshiftuk.com\/index.php?rest_route=\/wp\/v2\/pages\/990\/revisions\/1134"}],"wp:attachment":[{"href":"https:\/\/mindshiftuk.com\/index.php?rest_route=%2Fwp%2Fv2%2Fmedia&parent=990"}],"curies":[{"name":"wp","href":"https:\/\/api.w.org\/{rel}","templated":true}]}}