{"id":987,"date":"2025-03-09T09:52:42","date_gmt":"2025-03-09T09:52:42","guid":{"rendered":"https:\/\/mindshiftuk.com\/?page_id=987"},"modified":"2025-03-15T17:45:58","modified_gmt":"2025-03-15T17:45:58","slug":"egitimler","status":"publish","type":"page","link":"https:\/\/mindshiftuk.com\/?page_id=987","title":{"rendered":"E\u011fitimler"},"content":{"rendered":"<div class=\"featured-link\">\n<p><img loading=\"lazy\" decoding=\"async\" class=\"\" src=\"https:\/\/mindshiftuk.com\/wp-content\/uploads\/2017\/08\/image_03.jpg\" alt=\"Features\" width=\"370\" height=\"247\" \/><\/p>\n<div class=\"cv-outer\">\n<div class=\"cv-inner\">\n<h6>De\u011ferler: Bireyler, kendi i\u00e7sel de\u011ferlerini ke\u015ffederek, hayatlar\u0131nda bu de\u011ferleri daha bilin\u00e7li bir \u015fekilde nas\u0131l ya\u015famlar\u0131na yans\u0131tacaklar\u0131n\u0131 \u00f6\u011frenirler.<\/h6>\n<\/div>\n<\/div>\n<\/div>\n<div class=\"featured-link\">\n<p><img loading=\"lazy\" decoding=\"async\" class=\"\" src=\"https:\/\/mindshiftuk.com\/wp-content\/uploads\/2017\/08\/image_42.jpg\" alt=\"Try Ashe Pro\" width=\"371\" height=\"247\" \/><\/p>\n<div class=\"cv-outer\">\n<div class=\"cv-inner\">\n<h6>Hedefler: Kat\u0131l\u0131mc\u0131lar, hayallerine ula\u015fabilmek i\u00e7in g\u00fc\u00e7l\u00fc ve net hedefler belirleyip, bu hedeflere do\u011fru ad\u0131m ad\u0131m ilerlemeyi ke\u015ffederler.<\/h6>\n<\/div>\n<\/div>\n<\/div>\n<div class=\"featured-link\">\n<p><img loading=\"lazy\" decoding=\"async\" class=\"\" src=\"https:\/\/mindshiftuk.com\/wp-content\/uploads\/2017\/08\/image_04.jpg\" alt=\"Buy Ashe Pro\" width=\"370\" height=\"247\" \/><\/p>\n<div class=\"cv-outer\">\n<div class=\"cv-inner\">\n<h6>\u0130li\u015fkiler: Bireyler, sa\u011fl\u0131kl\u0131 ve anlaml\u0131 ili\u015fkiler kurarak, ki\u015fisel ve profesyonel ya\u015famlar\u0131nda daha derin ba\u011flar olu\u015fturman\u0131n yollar\u0131n\u0131 ke\u015ffederler.<\/h6>\n<div class=\"featured-link\">\n<p><img loading=\"lazy\" decoding=\"async\" class=\"alignnone size-full wp-image-956\" src=\"https:\/\/mindshiftuk.com\/wp-content\/uploads\/2025\/02\/a4ef6a74-e32e-4455-b185-e3871d4226c7-1.jpeg\" alt=\"\" width=\"300\" height=\"283\" \/><\/p>\n<div class=\"cv-outer\">\n<div class=\"cv-inner\">\n<h6>\u00c7ekirdek \u0130nan\u00e7lar: Kat\u0131l\u0131mc\u0131lar, hayatlar\u0131n\u0131 \u015fekillendiren \u00e7ekirdek inan\u00e7lar\u0131n\u0131 fark eder ve kendilerine hizmet eden yeni inan\u00e7larla ya\u015famlar\u0131n\u0131 daha g\u00fc\u00e7l\u00fc k\u0131larlar.<\/h6>\n<\/div>\n<\/div>\n<\/div>\n<div class=\"featured-link\">\n<p><img loading=\"lazy\" decoding=\"async\" class=\"alignnone size-medium wp-image-951\" src=\"https:\/\/mindshiftuk.com\/wp-content\/uploads\/2025\/02\/181d6f5e-40cb-4675-bca0-1e9da8c11412-1-215x300.jpeg\" alt=\"\" width=\"215\" height=\"300\" srcset=\"https:\/\/mindshiftuk.com\/wp-content\/uploads\/2025\/02\/181d6f5e-40cb-4675-bca0-1e9da8c11412-1-215x300.jpeg 215w, https:\/\/mindshiftuk.com\/wp-content\/uploads\/2025\/02\/181d6f5e-40cb-4675-bca0-1e9da8c11412-1-733x1024.jpeg 733w, https:\/\/mindshiftuk.com\/wp-content\/uploads\/2025\/02\/181d6f5e-40cb-4675-bca0-1e9da8c11412-1-768x1073.jpeg 768w, https:\/\/mindshiftuk.com\/wp-content\/uploads\/2025\/02\/181d6f5e-40cb-4675-bca0-1e9da8c11412-1.jpeg 916w\" sizes=\"auto, (max-width: 215px) 100vw, 215px\" \/><\/p>\n<div class=\"cv-outer\">\n<div class=\"cv-inner\">\n<h6>Parasal Alanda G\u00fc\u00e7l\u00fc Sorular: Kat\u0131l\u0131mc\u0131lar, finansal anlamda daha \u00f6zg\u00fcr ve bilin\u00e7li bir ya\u015fam s\u00fcrmek i\u00e7in do\u011fru sorular\u0131 sorarak, maddi y\u00f6netim becerilerini geli\u015ftirirler.<\/h6>\n<div class=\"cv-inner\">\n<p><img loading=\"lazy\" decoding=\"async\" class=\"alignnone wp-image-1046\" src=\"https:\/\/mindshiftuk.com\/wp-content\/uploads\/2025\/03\/A-conceptual-image-representing-fears-and-anxiety-showing-a-person-breaking-free-from-chains-of-fear-and-stepping-into-a-serene-and-balanced-environment-300x300.jpg\" alt=\"\" width=\"277\" height=\"277\" srcset=\"https:\/\/mindshiftuk.com\/wp-content\/uploads\/2025\/03\/A-conceptual-image-representing-fears-and-anxiety-showing-a-person-breaking-free-from-chains-of-fear-and-stepping-into-a-serene-and-balanced-environment-300x300.jpg 300w, https:\/\/mindshiftuk.com\/wp-content\/uploads\/2025\/03\/A-conceptual-image-representing-fears-and-anxiety-showing-a-person-breaking-free-from-chains-of-fear-and-stepping-into-a-serene-and-balanced-environment-150x150.jpg 150w, https:\/\/mindshiftuk.com\/wp-content\/uploads\/2025\/03\/A-conceptual-image-representing-fears-and-anxiety-showing-a-person-breaking-free-from-chains-of-fear-and-stepping-into-a-serene-and-balanced-environment-768x768.jpg 768w, https:\/\/mindshiftuk.com\/wp-content\/uploads\/2025\/03\/A-conceptual-image-representing-fears-and-anxiety-showing-a-person-breaking-free-from-chains-of-fear-and-stepping-into-a-serene-and-balanced-environment-75x75.jpg 75w, https:\/\/mindshiftuk.com\/wp-content\/uploads\/2025\/03\/A-conceptual-image-representing-fears-and-anxiety-showing-a-person-breaking-free-from-chains-of-fear-and-stepping-into-a-serene-and-balanced-environment.jpg 1024w\" sizes=\"auto, (max-width: 277px) 100vw, 277px\" \/><\/p>\n<\/div>\n<h6><strong>Korkular ve Anksiyete: Kat\u0131l\u0131mc\u0131lar, korkular\u0131n\u0131n ve anksiyetelerinin k\u00f6kenlerini anlayarak, bu duygular\u0131 y\u00f6netme ve hayatlar\u0131n\u0131 daha \u00f6zg\u00fcrce ya\u015fama yollar\u0131n\u0131 \u00f6\u011frenirler. Dan\u0131\u015fanlar, korku ve anksiyeteleri a\u015farak, kendilerini daha huzurlu ve dengeli hissederek ad\u0131m atmay\u0131 ke\u015ffederler.<\/strong><\/h6>\n<\/div>\n<\/div>\n<\/div>\n<div class=\"featured-link\"><\/div>\n<\/div>\n<\/div>\n<\/div>\n","protected":false},"excerpt":{"rendered":"<p>De\u011ferler: Bireyler, kendi i\u00e7sel de\u011ferlerini ke\u015ffederek, hayatlar\u0131nda bu de\u011ferleri daha bilin\u00e7li bir \u015fekilde nas\u0131l ya\u015famlar\u0131na yans\u0131tacaklar\u0131n\u0131 \u00f6\u011frenirler. Hedefler: Kat\u0131l\u0131mc\u0131lar, hayallerine ula\u015fabilmek i\u00e7in g\u00fc\u00e7l\u00fc ve net hedefler belirleyip, bu hedeflere do\u011fru ad\u0131m ad\u0131m ilerlemeyi ke\u015ffederler. \u0130li\u015fkiler: Bireyler, sa\u011fl\u0131kl\u0131 ve anlaml\u0131 ili\u015fkiler kurarak, ki\u015fisel ve profesyonel ya\u015famlar\u0131nda daha derin ba\u011flar olu\u015fturman\u0131n yollar\u0131n\u0131 ke\u015ffederler. \u00c7ekirdek \u0130nan\u00e7lar: Kat\u0131l\u0131mc\u0131lar, hayatlar\u0131n\u0131 \u015fekillendiren \u00e7ekirdek inan\u00e7lar\u0131n\u0131 fark eder ve kendilerine hizmet eden yeni inan\u00e7larla ya\u015famlar\u0131n\u0131 daha g\u00fc\u00e7l\u00fc k\u0131larlar. Parasal Alanda G\u00fc\u00e7l\u00fc Sorular: Kat\u0131l\u0131mc\u0131lar, finansal anlamda daha \u00f6zg\u00fcr ve bilin\u00e7li bir ya\u015fam s\u00fcrmek i\u00e7in do\u011fru sorular\u0131 sorarak, maddi y\u00f6netim becerilerini geli\u015ftirirler. Korkular ve Anksiyete: Kat\u0131l\u0131mc\u0131lar, korkular\u0131n\u0131n ve anksiyetelerinin k\u00f6kenlerini anlayarak, bu duygular\u0131 y\u00f6netme ve hayatlar\u0131n\u0131 daha \u00f6zg\u00fcrce ya\u015fama yollar\u0131n\u0131 \u00f6\u011frenirler. Dan\u0131\u015fanlar, korku ve anksiyeteleri a\u015farak, kendilerini daha huzurlu ve dengeli hissederek ad\u0131m atmay\u0131 ke\u015ffederler.<\/p>\n","protected":false},"author":1,"featured_media":0,"parent":0,"menu_order":0,"comment_status":"closed","ping_status":"closed","template":"","meta":{"_uag_custom_page_level_css":"","footnotes":""},"class_list":["post-987","page","type-page","status-publish","hentry"],"uagb_featured_image_src":{"full":false,"thumbnail":false,"medium":false,"medium_large":false,"large":false,"1536x1536":false,"2048x2048":false,"ashe-slider-full-thumbnail":false,"ashe-full-thumbnail":false,"ashe-list-thumbnail":false,"ashe-grid-thumbnail":false,"ashe-single-navigation":false},"uagb_author_info":{"display_name":"mindshiftuk1@gmail.com","author_link":"https:\/\/mindshiftuk.com\/?author=1"},"uagb_comment_info":0,"uagb_excerpt":"De\u011ferler: Bireyler, kendi i\u00e7sel de\u011ferlerini ke\u015ffederek, hayatlar\u0131nda bu de\u011ferleri daha bilin\u00e7li bir \u015fekilde nas\u0131l ya\u015famlar\u0131na yans\u0131tacaklar\u0131n\u0131 \u00f6\u011frenirler. Hedefler: Kat\u0131l\u0131mc\u0131lar, hayallerine ula\u015fabilmek i\u00e7in g\u00fc\u00e7l\u00fc ve net hedefler belirleyip, bu hedeflere do\u011fru ad\u0131m ad\u0131m ilerlemeyi ke\u015ffederler. \u0130li\u015fkiler: Bireyler, sa\u011fl\u0131kl\u0131 ve anlaml\u0131 ili\u015fkiler kurarak, ki\u015fisel ve profesyonel ya\u015famlar\u0131nda daha derin ba\u011flar olu\u015fturman\u0131n yollar\u0131n\u0131 ke\u015ffederler. \u00c7ekirdek \u0130nan\u00e7lar: Kat\u0131l\u0131mc\u0131lar, hayatlar\u0131n\u0131&hellip;","_links":{"self":[{"href":"https:\/\/mindshiftuk.com\/index.php?rest_route=\/wp\/v2\/pages\/987","targetHints":{"allow":["GET"]}}],"collection":[{"href":"https:\/\/mindshiftuk.com\/index.php?rest_route=\/wp\/v2\/pages"}],"about":[{"href":"https:\/\/mindshiftuk.com\/index.php?rest_route=\/wp\/v2\/types\/page"}],"author":[{"embeddable":true,"href":"https:\/\/mindshiftuk.com\/index.php?rest_route=\/wp\/v2\/users\/1"}],"replies":[{"embeddable":true,"href":"https:\/\/mindshiftuk.com\/index.php?rest_route=%2Fwp%2Fv2%2Fcomments&post=987"}],"version-history":[{"count":6,"href":"https:\/\/mindshiftuk.com\/index.php?rest_route=\/wp\/v2\/pages\/987\/revisions"}],"predecessor-version":[{"id":1049,"href":"https:\/\/mindshiftuk.com\/index.php?rest_route=\/wp\/v2\/pages\/987\/revisions\/1049"}],"wp:attachment":[{"href":"https:\/\/mindshiftuk.com\/index.php?rest_route=%2Fwp%2Fv2%2Fmedia&parent=987"}],"curies":[{"name":"wp","href":"https:\/\/api.w.org\/{rel}","templated":true}]}}