{"id":1091,"date":"2025-03-30T09:10:16","date_gmt":"2025-03-30T08:10:16","guid":{"rendered":"https:\/\/mindshiftuk.com\/?page_id=1091"},"modified":"2025-03-30T10:44:54","modified_gmt":"2025-03-30T09:44:54","slug":"home","status":"publish","type":"page","link":"https:\/\/mindshiftuk.com\/","title":{"rendered":""},"content":{"rendered":"\n\t\t\t<div class=\"wp-block-uagb-post-grid uagb-post-grid  uagb-post__image-position-top uagb-post__image-enabled uagb-block-d9d1d057     uagb-post__items uagb-post__columns-3 is-grid uagb-post__columns-tablet-2 uagb-post__columns-mobile-1 uagb-post__equal-height\" data-total=\"2\" style=\"\">\n\n\t\t\t\t\t\t\t\t\t\t\t\t<article class=\"uagb-post__inner-wrap\">\t\t\t\t\t\t\t\t<div class='uagb-post__image'>\n\t\t\t\t\t\t\t\t\t<a href=\"https:\/\/mindshiftuk.com\/?p=93\" target=\"_self\" rel=\"bookmark noopener noreferrer\" class='uagb-image-ratio-inherit'><img loading=\"lazy\" decoding=\"async\" width=\"768\" height=\"1024\" src=\"https:\/\/mindshiftuk.com\/wp-content\/uploads\/2025\/04\/IMG-20250410-WA0004-768x1024.jpg\" class=\"attachment-large size-large\" alt=\"\" srcset=\"https:\/\/mindshiftuk.com\/wp-content\/uploads\/2025\/04\/IMG-20250410-WA0004-768x1024.jpg 768w, https:\/\/mindshiftuk.com\/wp-content\/uploads\/2025\/04\/IMG-20250410-WA0004-225x300.jpg 225w, https:\/\/mindshiftuk.com\/wp-content\/uploads\/2025\/04\/IMG-20250410-WA0004-1152x1536.jpg 1152w, https:\/\/mindshiftuk.com\/wp-content\/uploads\/2025\/04\/IMG-20250410-WA0004-1536x2048.jpg 1536w, https:\/\/mindshiftuk.com\/wp-content\/uploads\/2025\/04\/IMG-20250410-WA0004-1140x1520.jpg 1140w, https:\/\/mindshiftuk.com\/wp-content\/uploads\/2025\/04\/IMG-20250410-WA0004-scaled.jpg 1920w\" sizes=\"auto, (max-width: 768px) 100vw, 768px\" \/>\t\t\t\t\t<\/a>\n\t\t\t\t\t\t\t<\/div>\n\t\t\t\t\t\t<h4 class=\"uagb-post__title uagb-post__text\">\n\t\t\t\t<a href=\"https:\/\/mindshiftuk.com\/?p=93\" target=\"_self\" rel=\"bookmark noopener noreferrer\">\u201cKap\u0131 ard\u0131na kadar a\u00e7\u0131kken neden hapishanede kal\u0131rs\u0131n \u2026\u201d Mevlana<\/a>\n\t\t\t<\/h4>\n\t\t\t\t\t\t<div class=\"uagb-post__text uagb-post__cta wp-block-button\">\n\t\t\t\t<a class=\"wp-block-button__link uagb-text-link\" style=\"\" href=\"https:\/\/mindshiftuk.com\/?p=93\" target=\"_self\" rel=\"bookmark noopener noreferrer\">Read More<\/a>\n\t\t\t<\/div>\n\t\t\t\n\t\t\t\t\t\t\t\t\t<\/article>\n\t\t\t\t\t\t\t\t\t\t\t\t\t\t\t\t<article class=\"uagb-post__inner-wrap\">\t\t\t\t\t\t\t\t<div class='uagb-post__image'>\n\t\t\t\t\t\t\t\t\t<a href=\"https:\/\/mindshiftuk.com\/?p=663\" target=\"_self\" rel=\"bookmark noopener noreferrer\" class='uagb-image-ratio-inherit'><img loading=\"lazy\" decoding=\"async\" width=\"768\" height=\"1024\" src=\"https:\/\/mindshiftuk.com\/wp-content\/uploads\/2025\/04\/IMG-20250410-WA0010-768x1024.jpg\" class=\"attachment-large size-large\" alt=\"\" srcset=\"https:\/\/mindshiftuk.com\/wp-content\/uploads\/2025\/04\/IMG-20250410-WA0010-768x1024.jpg 768w, https:\/\/mindshiftuk.com\/wp-content\/uploads\/2025\/04\/IMG-20250410-WA0010-225x300.jpg 225w, https:\/\/mindshiftuk.com\/wp-content\/uploads\/2025\/04\/IMG-20250410-WA0010-1152x1536.jpg 1152w, https:\/\/mindshiftuk.com\/wp-content\/uploads\/2025\/04\/IMG-20250410-WA0010-1536x2048.jpg 1536w, https:\/\/mindshiftuk.com\/wp-content\/uploads\/2025\/04\/IMG-20250410-WA0010-1140x1520.jpg 1140w, https:\/\/mindshiftuk.com\/wp-content\/uploads\/2025\/04\/IMG-20250410-WA0010-scaled.jpg 1920w\" sizes=\"auto, (max-width: 768px) 100vw, 768px\" \/>\t\t\t\t\t<\/a>\n\t\t\t\t\t\t\t<\/div>\n\t\t\t\t\t\t<h4 class=\"uagb-post__title uagb-post__text\">\n\t\t\t\t<a href=\"https:\/\/mindshiftuk.com\/?p=663\" target=\"_self\" rel=\"bookmark noopener noreferrer\">Etkili Liderlik: Tak\u0131m \u00dcyelerinin Potansiyelini A\u00e7\u0131\u011fa \u00c7\u0131karmak<\/a>\n\t\t\t<\/h4>\n\t\t\t\t\t\t<div class=\"uagb-post__text uagb-post__cta wp-block-button\">\n\t\t\t\t<a class=\"wp-block-button__link uagb-text-link\" style=\"\" href=\"https:\/\/mindshiftuk.com\/?p=663\" target=\"_self\" rel=\"bookmark noopener noreferrer\">Read More<\/a>\n\t\t\t<\/div>\n\t\t\t\n\t\t\t\t\t\t\t\t\t<\/article>\n\t\t\t\t\t\t\t\t\t\t\t\t\t\t\t\t<article class=\"uagb-post__inner-wrap\">\t\t\t\t\t\t\t\t<div class='uagb-post__image'>\n\t\t\t\t\t\t\t\t\t<a href=\"https:\/\/mindshiftuk.com\/?p=1050\" target=\"_self\" rel=\"bookmark noopener noreferrer\" class='uagb-image-ratio-inherit'><img loading=\"lazy\" decoding=\"async\" width=\"236\" height=\"354\" src=\"https:\/\/mindshiftuk.com\/wp-content\/uploads\/2025\/03\/WhatsApp-Image-2025-03-15-at-7.28.32-PM.jpeg\" class=\"attachment-large size-large\" alt=\"\" srcset=\"https:\/\/mindshiftuk.com\/wp-content\/uploads\/2025\/03\/WhatsApp-Image-2025-03-15-at-7.28.32-PM.jpeg 236w, https:\/\/mindshiftuk.com\/wp-content\/uploads\/2025\/03\/WhatsApp-Image-2025-03-15-at-7.28.32-PM-200x300.jpeg 200w\" sizes=\"auto, (max-width: 236px) 100vw, 236px\" \/>\t\t\t\t\t<\/a>\n\t\t\t\t\t\t\t<\/div>\n\t\t\t\t\t\t<h4 class=\"uagb-post__title uagb-post__text\">\n\t\t\t\t<a href=\"https:\/\/mindshiftuk.com\/?p=1050\" target=\"_self\" rel=\"bookmark noopener noreferrer\">Ger\u00e7ek Otantiklik: Kendin Olman\u0131n G\u00fcc\u00fc<\/a>\n\t\t\t<\/h4>\n\t\t\t\t\t\t<div class=\"uagb-post__text uagb-post__cta wp-block-button\">\n\t\t\t\t<a class=\"wp-block-button__link uagb-text-link\" style=\"\" href=\"https:\/\/mindshiftuk.com\/?p=1050\" target=\"_self\" rel=\"bookmark noopener noreferrer\">Read More<\/a>\n\t\t\t<\/div>\n\t\t\t\n\t\t\t\t\t\t\t\t\t<\/article>\n\t\t\t\t\t\t\t\t\t\t\t\t\t\t\t\t<article class=\"uagb-post__inner-wrap\">\t\t\t\t\t\t\t\t<div class='uagb-post__image'>\n\t\t\t\t\t\t\t\t\t<a href=\"https:\/\/mindshiftuk.com\/?p=554\" target=\"_self\" rel=\"bookmark noopener noreferrer\" class='uagb-image-ratio-inherit'><img loading=\"lazy\" decoding=\"async\" width=\"960\" height=\"540\" src=\"https:\/\/mindshiftuk.com\/wp-content\/uploads\/2025\/03\/IMG-20250410-WA0015-1024x576.jpg\" class=\"attachment-large size-large\" alt=\"\" srcset=\"https:\/\/mindshiftuk.com\/wp-content\/uploads\/2025\/03\/IMG-20250410-WA0015-1024x576.jpg 1024w, https:\/\/mindshiftuk.com\/wp-content\/uploads\/2025\/03\/IMG-20250410-WA0015-300x169.jpg 300w, https:\/\/mindshiftuk.com\/wp-content\/uploads\/2025\/03\/IMG-20250410-WA0015-768x432.jpg 768w, https:\/\/mindshiftuk.com\/wp-content\/uploads\/2025\/03\/IMG-20250410-WA0015-1140x641.jpg 1140w, https:\/\/mindshiftuk.com\/wp-content\/uploads\/2025\/03\/IMG-20250410-WA0015.jpg 1280w\" sizes=\"auto, (max-width: 960px) 100vw, 960px\" \/>\t\t\t\t\t<\/a>\n\t\t\t\t\t\t\t<\/div>\n\t\t\t\t\t\t<h4 class=\"uagb-post__title uagb-post__text\">\n\t\t\t\t<a href=\"https:\/\/mindshiftuk.com\/?p=554\" target=\"_self\" rel=\"bookmark noopener noreferrer\">Ger\u00e7ek Sevgi fark\u0131ndal\u0131kla ba\u015flar<\/a>\n\t\t\t<\/h4>\n\t\t\t\t\t\t<div class=\"uagb-post__text uagb-post__cta wp-block-button\">\n\t\t\t\t<a class=\"wp-block-button__link uagb-text-link\" style=\"\" href=\"https:\/\/mindshiftuk.com\/?p=554\" target=\"_self\" rel=\"bookmark noopener noreferrer\">Read More<\/a>\n\t\t\t<\/div>\n\t\t\t\n\t\t\t\t\t\t\t\t\t<\/article>\n\t\t\t\t\t\t\t\t\t\t\t\t\t\t\t\t<article class=\"uagb-post__inner-wrap\">\t\t\t\t\t\t\t\t<div class='uagb-post__image'>\n\t\t\t\t\t\t\t\t\t<a href=\"https:\/\/mindshiftuk.com\/?p=662\" target=\"_self\" rel=\"bookmark noopener noreferrer\" class='uagb-image-ratio-inherit'><img loading=\"lazy\" decoding=\"async\" width=\"800\" height=\"480\" src=\"https:\/\/mindshiftuk.com\/wp-content\/uploads\/2025\/03\/IMG-20250410-WA0012.jpg\" class=\"attachment-large size-large\" alt=\"\" srcset=\"https:\/\/mindshiftuk.com\/wp-content\/uploads\/2025\/03\/IMG-20250410-WA0012.jpg 800w, https:\/\/mindshiftuk.com\/wp-content\/uploads\/2025\/03\/IMG-20250410-WA0012-300x180.jpg 300w, https:\/\/mindshiftuk.com\/wp-content\/uploads\/2025\/03\/IMG-20250410-WA0012-768x461.jpg 768w\" sizes=\"auto, (max-width: 800px) 100vw, 800px\" \/>\t\t\t\t\t<\/a>\n\t\t\t\t\t\t\t<\/div>\n\t\t\t\t\t\t<h4 class=\"uagb-post__title uagb-post__text\">\n\t\t\t\t<a href=\"https:\/\/mindshiftuk.com\/?p=662\" target=\"_self\" rel=\"bookmark noopener noreferrer\">G\u00fcne pozitif ba\u015fla<\/a>\n\t\t\t<\/h4>\n\t\t\t\t\t\t<div class=\"uagb-post__text uagb-post__cta wp-block-button\">\n\t\t\t\t<a class=\"wp-block-button__link uagb-text-link\" style=\"\" href=\"https:\/\/mindshiftuk.com\/?p=662\" target=\"_self\" rel=\"bookmark noopener noreferrer\">Read More<\/a>\n\t\t\t<\/div>\n\t\t\t\n\t\t\t\t\t\t\t\t\t<\/article>\n\t\t\t\t\t\t\t\t\t\t\t\t\t\t\t\t<article class=\"uagb-post__inner-wrap\">\t\t\t\t\t\t\t\t<div class='uagb-post__image'>\n\t\t\t\t\t\t\t\t\t<a href=\"https:\/\/mindshiftuk.com\/?p=635\" target=\"_self\" rel=\"bookmark noopener noreferrer\" class='uagb-image-ratio-inherit'><img loading=\"lazy\" decoding=\"async\" width=\"960\" height=\"540\" src=\"https:\/\/mindshiftuk.com\/wp-content\/uploads\/2025\/03\/IMG-20250410-WA0018-1024x576.jpg\" class=\"attachment-large size-large\" alt=\"\" srcset=\"https:\/\/mindshiftuk.com\/wp-content\/uploads\/2025\/03\/IMG-20250410-WA0018-1024x576.jpg 1024w, https:\/\/mindshiftuk.com\/wp-content\/uploads\/2025\/03\/IMG-20250410-WA0018-300x169.jpg 300w, https:\/\/mindshiftuk.com\/wp-content\/uploads\/2025\/03\/IMG-20250410-WA0018-768x432.jpg 768w, https:\/\/mindshiftuk.com\/wp-content\/uploads\/2025\/03\/IMG-20250410-WA0018-1536x865.jpg 1536w, https:\/\/mindshiftuk.com\/wp-content\/uploads\/2025\/03\/IMG-20250410-WA0018-2048x1153.jpg 2048w, https:\/\/mindshiftuk.com\/wp-content\/uploads\/2025\/03\/IMG-20250410-WA0018-1140x642.jpg 1140w\" sizes=\"auto, (max-width: 960px) 100vw, 960px\" \/>\t\t\t\t\t<\/a>\n\t\t\t\t\t\t\t<\/div>\n\t\t\t\t\t\t<h4 class=\"uagb-post__title uagb-post__text\">\n\t\t\t\t<a href=\"https:\/\/mindshiftuk.com\/?p=635\" target=\"_self\" rel=\"bookmark noopener noreferrer\">Hayat Bir Macera<\/a>\n\t\t\t<\/h4>\n\t\t\t\t\t\t<div class=\"uagb-post__text uagb-post__cta wp-block-button\">\n\t\t\t\t<a class=\"wp-block-button__link uagb-text-link\" style=\"\" href=\"https:\/\/mindshiftuk.com\/?p=635\" target=\"_self\" rel=\"bookmark noopener noreferrer\">Read More<\/a>\n\t\t\t<\/div>\n\t\t\t\n\t\t\t\t\t\t\t\t\t<\/article>\n\t\t\t\t\t\t\t\t\t\t\t\t\t<div class=\"uagb-post-pagination-wrap\">\n\t\t\t\t\t\t<span aria-current=\"page\" class=\"page-numbers current\">1<\/span>\n<a class=\"page-numbers\" href=\"https:\/\/mindshiftuk.com\/index.php?rest_route=%2Fwp%2Fv2%2Fpages%2F1091&#038;paged=2\">2<\/a>\n<a class=\"next page-numbers\" href=\"https:\/\/mindshiftuk.com\/index.php?rest_route=%2Fwp%2Fv2%2Fpages%2F1091&#038;paged=2\">Next \u00bb<\/a>\t\t\t\t\t<\/div>\n\t\t\t\t\t\t\t\t<\/div>\n\t\t\t\n\n\n<p class=\"has-black-background-color has-background\"><\/p>\n","protected":false},"excerpt":{"rendered":"","protected":false},"author":1,"featured_media":0,"parent":0,"menu_order":0,"comment_status":"closed","ping_status":"closed","template":"","meta":{"_uag_custom_page_level_css":"","footnotes":""},"class_list":["post-1091","page","type-page","status-publish","hentry"],"uagb_featured_image_src":{"full":false,"thumbnail":false,"medium":false,"medium_large":false,"large":false,"1536x1536":false,"2048x2048":false,"ashe-slider-full-thumbnail":false,"ashe-full-thumbnail":false,"ashe-list-thumbnail":false,"ashe-grid-thumbnail":false,"ashe-single-navigation":false},"uagb_author_info":{"display_name":"mindshiftuk1@gmail.com","author_link":"https:\/\/mindshiftuk.com\/?author=1"},"uagb_comment_info":0,"uagb_excerpt":null,"_links":{"self":[{"href":"https:\/\/mindshiftuk.com\/index.php?rest_route=\/wp\/v2\/pages\/1091","targetHints":{"allow":["GET"]}}],"collection":[{"href":"https:\/\/mindshiftuk.com\/index.php?rest_route=\/wp\/v2\/pages"}],"about":[{"href":"https:\/\/mindshiftuk.com\/index.php?rest_route=\/wp\/v2\/types\/page"}],"author":[{"embeddable":true,"href":"https:\/\/mindshiftuk.com\/index.php?rest_route=\/wp\/v2\/users\/1"}],"replies":[{"embeddable":true,"href":"https:\/\/mindshiftuk.com\/index.php?rest_route=%2Fwp%2Fv2%2Fcomments&post=1091"}],"version-history":[{"count":11,"href":"https:\/\/mindshiftuk.com\/index.php?rest_route=\/wp\/v2\/pages\/1091\/revisions"}],"predecessor-version":[{"id":1133,"href":"https:\/\/mindshiftuk.com\/index.php?rest_route=\/wp\/v2\/pages\/1091\/revisions\/1133"}],"wp:attachment":[{"href":"https:\/\/mindshiftuk.com\/index.php?rest_route=%2Fwp%2Fv2%2Fmedia&parent=1091"}],"curies":[{"name":"wp","href":"https:\/\/api.w.org\/{rel}","templated":true}]}}